{"id":95,"date":"2022-12-29T09:01:58","date_gmt":"2022-12-29T09:01:58","guid":{"rendered":"https:\/\/kentatheme.com\/aurora\/?page_id=95"},"modified":"2026-02-09T11:46:38","modified_gmt":"2026-02-09T10:46:38","slug":"contact","status":"publish","type":"page","link":"https:\/\/psychotherapie-langenhagen.de\/?page_id=95","title":{"rendered":"Kontakt"},"content":{"rendered":"\t\t<div data-elementor-type=\"wp-page\" data-elementor-id=\"95\" class=\"elementor elementor-95\" data-elementor-post-type=\"page\">\n\t\t\t\t<div class=\"elementor-element elementor-element-6c9288a e-con-full e-flex e-con e-child\" data-id=\"6c9288a\" data-element_type=\"container\" data-e-type=\"container\" data-settings=\"{&quot;background_background&quot;:&quot;classic&quot;}\">\n\t\t<div class=\"elementor-element elementor-element-db0e591 e-flex e-con-boxed e-con e-child\" data-id=\"db0e591\" data-element_type=\"container\" data-e-type=\"container\" data-settings=\"{&quot;background_background&quot;:&quot;gradient&quot;}\">\n\t\t\t\t\t<div class=\"e-con-inner\">\n\t\t\t\t<div class=\"elementor-element elementor-element-b9aaa81 elementor-widget elementor-widget-heading\" data-id=\"b9aaa81\" data-element_type=\"widget\" data-e-type=\"widget\" data-widget_type=\"heading.default\">\n\t\t\t\t\t<h1 class=\"elementor-heading-title elementor-size-default\">Kontakt<\/h1>\t\t\t\t<\/div>\n\t\t\t\t<div class=\"elementor-element elementor-element-52bf0f2 elementor-widget elementor-widget-text-editor\" data-id=\"52bf0f2\" data-element_type=\"widget\" data-e-type=\"widget\" data-widget_type=\"text-editor.default\">\n\t\t\t\t\t\t\t\t\t<p class=\"wp-block-kenta-blocks-paragraph kb-paragraph kb-paragraph-c4d8fce3 kenta-scroll-reveal\">Sch\u00f6n, dass Sie den Weg zu uns gefunden haben! Wir bieten Ihnen einen gesch\u00fctzten Raum, in dem Sie Ihre Anliegen, Herausforderungen und W\u00fcnsche offen ansprechen k\u00f6nnen.<\/p>\t\t\t\t\t\t\t\t<\/div>\n\t\t\t\t\t<\/div>\n\t\t\t\t<\/div>\n\t\t\t\t<\/div>\n\t\t<div class=\"elementor-element elementor-element-d6d9b9c e-flex e-con-boxed e-con e-parent\" data-id=\"d6d9b9c\" data-element_type=\"container\" data-e-type=\"container\">\n\t\t\t\t\t<div class=\"e-con-inner\">\n\t\t\t\t<div class=\"elementor-element elementor-element-a1bbb80 elementor-widget elementor-widget-wpforms\" data-id=\"a1bbb80\" data-element_type=\"widget\" data-e-type=\"widget\" data-widget_type=\"wpforms.default\">\n\t\t\t\t<div class=\"elementor-widget-container\">\n\t\t\t\t\t<div class=\"wpforms-container wpforms-container-full wpforms-render-modern\" id=\"wpforms-474\"><form id=\"wpforms-form-474\" class=\"wpforms-validate wpforms-form wpforms-ajax-form\" data-formid=\"474\" method=\"post\" enctype=\"multipart\/form-data\" action=\"\/index.php?rest_route=%2Fwp%2Fv2%2Fpages%2F95\" data-token=\"00822b0fd8e6972a8908bb6dd10e02ac\" data-token-time=\"1775941658\"><noscript class=\"wpforms-error-noscript\">Bitte aktiviere JavaScript in deinem Browser, um dieses Formular fertigzustellen.<\/noscript><div id=\"wpforms-error-noscript\" style=\"display: none;\">Bitte aktiviere JavaScript in deinem Browser, um dieses Formular fertigzustellen.<\/div><div class=\"wpforms-field-container\"><div id=\"wpforms-474-field_6-container\" class=\"wpforms-field wpforms-field-text wpforms-one-half wpforms-first\" data-field-id=\"6\"><label class=\"wpforms-field-label\" for=\"wpforms-474-field_6\">Anrede \/ Pronomen<\/label><input type=\"text\" id=\"wpforms-474-field_6\" class=\"wpforms-field-large\" name=\"wpforms[fields][6]\" placeholder=\"Herr, Frau, Er, Sie, oder andere\" aria-errormessage=\"wpforms-474-field_6-error\" ><\/div><div id=\"wpforms-474-field_1-container\" class=\"wpforms-field wpforms-field-text wpforms-one-half\" data-field-id=\"1\"><label class=\"wpforms-field-label\" for=\"wpforms-474-field_1\">Vorname<\/label><input type=\"text\" id=\"wpforms-474-field_1\" class=\"wpforms-field-large\" name=\"wpforms[fields][1]\" aria-errormessage=\"wpforms-474-field_1-error\" ><\/div><div id=\"wpforms-474-field_2-container\" class=\"wpforms-field wpforms-field-text wpforms-one-half wpforms-first\" data-field-id=\"2\"><label class=\"wpforms-field-label\" for=\"wpforms-474-field_2\">Nachname <span class=\"wpforms-required-label\" aria-hidden=\"true\">*<\/span><\/label><input type=\"text\" id=\"wpforms-474-field_2\" class=\"wpforms-field-large wpforms-field-required\" name=\"wpforms[fields][2]\" aria-errormessage=\"wpforms-474-field_2-error\" required><\/div><div id=\"wpforms-474-field_3-container\" class=\"wpforms-field wpforms-field-text wpforms-one-half\" data-field-id=\"3\"><label class=\"wpforms-field-label\" for=\"wpforms-474-field_3\">Geburtsdatum<\/label><input type=\"text\" id=\"wpforms-474-field_3\" class=\"wpforms-field-large\" name=\"wpforms[fields][3]\" aria-errormessage=\"wpforms-474-field_3-error\" ><\/div><div id=\"wpforms-474-field_23-container\" class=\"wpforms-field wpforms-field-text\" data-field-id=\"23\"><label class=\"wpforms-field-label\" for=\"wpforms-474-field_23\">Wohnort<\/label><input type=\"text\" id=\"wpforms-474-field_23\" class=\"wpforms-field-large\" name=\"wpforms[fields][23]\" aria-errormessage=\"wpforms-474-field_23-error\" ><\/div><div id=\"wpforms-474-field_19-container\" class=\"wpforms-field wpforms-field-select wpforms-field-select-style-classic\" data-field-id=\"19\"><label class=\"wpforms-field-label\" for=\"wpforms-474-field_19\">Kostentr\u00e4ger <span class=\"wpforms-required-label\" aria-hidden=\"true\">*<\/span><\/label><select id=\"wpforms-474-field_19\" class=\"wpforms-field-large wpforms-field-required\" name=\"wpforms[fields][19]\" required=\"required\"><option value=\"\" class=\"placeholder\" disabled  selected='selected'>Bitte ausw\u00e4hlen...<\/option><option value=\"Gesetzliche Krankenversicherung\"  class=\"choice-1 depth-1\"  >Gesetzliche Krankenversicherung<\/option><option value=\"Selbstzahler\"  class=\"choice-4 depth-1\"  >Selbstzahler<\/option><option value=\"Private Krankenversicherung\"  class=\"choice-2 depth-1\"  >Private Krankenversicherung<\/option><option value=\"Andere Kostentr\u00e4ger (z.B. BG)\"  class=\"choice-3 depth-1\"  >Andere Kostentr\u00e4ger (z.B. BG)<\/option><\/select><div id=\"wpforms-474-field_19-description\" class=\"wpforms-field-description\">N\u00e4here Infos zu verschiedenen Kostentr\u00e4gern erhalten Sie unter <a href=\"https:\/\/psychotherapie-langenhagen.de\/?page_id=17\">Kosten<\/a><\/div><\/div><div id=\"wpforms-474-field_13-container\" class=\"wpforms-field wpforms-field-text\" data-field-id=\"13\"><label class=\"wpforms-field-label\" for=\"wpforms-474-field_13\">(Vor-)diagnosen<\/label><input type=\"text\" id=\"wpforms-474-field_13\" class=\"wpforms-field-large\" name=\"wpforms[fields][13]\" aria-errormessage=\"wpforms-474-field_13-error\" ><\/div><div id=\"wpforms-474-field_14-container\" class=\"wpforms-field wpforms-field-textarea\" data-field-id=\"14\"><label class=\"wpforms-field-label\" for=\"wpforms-474-field_14\">Anliegen<\/label><textarea id=\"wpforms-474-field_14\" class=\"wpforms-field-medium\" name=\"wpforms[fields][14]\" aria-errormessage=\"wpforms-474-field_14-error\" ><\/textarea><\/div><div id=\"wpforms-474-field_18-container\" class=\"wpforms-field wpforms-field-radio wpforms-list-inline\" data-field-id=\"18\"><fieldset><legend class=\"wpforms-field-label\">Ich m\u00f6chte auf die Warteliste von <span class=\"wpforms-required-label\" aria-hidden=\"true\">*<\/span><\/legend><ul id=\"wpforms-474-field_18\" class=\"wpforms-field-required\"><li class=\"choice-1 depth-1\"><input type=\"radio\" id=\"wpforms-474-field_18_1\" name=\"wpforms[fields][18]\" value=\"Beiden Praxen\" aria-errormessage=\"wpforms-474-field_18_1-error\" required ><label class=\"wpforms-field-label-inline\" for=\"wpforms-474-field_18_1\">Beiden Praxen<\/label><\/li><li class=\"choice-2 depth-1\"><input type=\"radio\" id=\"wpforms-474-field_18_2\" name=\"wpforms[fields][18]\" value=\"Praxis Luckhof\" aria-errormessage=\"wpforms-474-field_18_2-error\" required ><label class=\"wpforms-field-label-inline\" for=\"wpforms-474-field_18_2\">Praxis Luckhof<\/label><\/li><li class=\"choice-3 depth-1\"><input type=\"radio\" id=\"wpforms-474-field_18_3\" name=\"wpforms[fields][18]\" value=\"Praxis Tapia Le\u00f3n &amp; Tapia Le\u00f3n\" aria-errormessage=\"wpforms-474-field_18_3-error\" required ><label class=\"wpforms-field-label-inline\" for=\"wpforms-474-field_18_3\">Praxis Tapia Le\u00f3n &amp; Tapia Le\u00f3n<\/label><\/li><\/ul><\/fieldset><\/div><div id=\"wpforms-474-field_17-container\" class=\"wpforms-field wpforms-field-radio wpforms-list-inline\" data-field-id=\"17\"><fieldset><legend class=\"wpforms-field-label\">Ich interessiere mich f\u00fcr <span class=\"wpforms-required-label\" aria-hidden=\"true\">*<\/span><\/legend><ul id=\"wpforms-474-field_17\" class=\"wpforms-field-required\"><li class=\"choice-1 depth-1\"><input type=\"radio\" id=\"wpforms-474-field_17_1\" name=\"wpforms[fields][17]\" value=\"Einzeltherapie\" aria-errormessage=\"wpforms-474-field_17_1-error\" required ><label class=\"wpforms-field-label-inline\" for=\"wpforms-474-field_17_1\">Einzeltherapie<\/label><\/li><li class=\"choice-2 depth-1\"><input type=\"radio\" id=\"wpforms-474-field_17_2\" name=\"wpforms[fields][17]\" value=\"Gruppentherapie\" aria-errormessage=\"wpforms-474-field_17_2-error\" required ><label class=\"wpforms-field-label-inline\" for=\"wpforms-474-field_17_2\">Gruppentherapie<\/label><\/li><li class=\"choice-3 depth-1\"><input type=\"radio\" id=\"wpforms-474-field_17_3\" name=\"wpforms[fields][17]\" value=\"Beides\" aria-errormessage=\"wpforms-474-field_17_3-error\" required ><label class=\"wpforms-field-label-inline\" for=\"wpforms-474-field_17_3\">Beides<\/label><\/li><\/ul><\/fieldset><\/div><div id=\"wpforms-474-field_10-container\" class=\"wpforms-field wpforms-field-email wpforms-one-half wpforms-first\" data-field-id=\"10\"><label class=\"wpforms-field-label\" for=\"wpforms-474-field_10\">E-Mail-Adresse <span class=\"wpforms-required-label\" aria-hidden=\"true\">*<\/span><\/label><input type=\"email\" id=\"wpforms-474-field_10\" class=\"wpforms-field-large wpforms-field-required\" name=\"wpforms[fields][10]\" spellcheck=\"false\" aria-errormessage=\"wpforms-474-field_10-error\" required><\/div><div id=\"wpforms-474-field_9-container\" class=\"wpforms-field wpforms-field-text wpforms-one-half\" data-field-id=\"9\"><label class=\"wpforms-field-label\" for=\"wpforms-474-field_9\">Telefon- \/ Handynummer<\/label><input type=\"text\" id=\"wpforms-474-field_9\" class=\"wpforms-field-large\" name=\"wpforms[fields][9]\" aria-errormessage=\"wpforms-474-field_9-error\" ><\/div>\t\t<div id=\"wpforms-474-field_4-container\"\n\t\t\tclass=\"wpforms-field wpforms-field-text\"\n\t\t\tdata-field-type=\"text\"\n\t\t\tdata-field-id=\"4\"\n\t\t\t>\n\t\t\t<label class=\"wpforms-field-label\" for=\"wpforms-474-field_4\" >Ich auf Geburtsdatum<\/label>\n\t\t\t<input type=\"text\" id=\"wpforms-474-field_4\" class=\"wpforms-field-medium\" name=\"wpforms[fields][4]\" >\n\t\t<\/div>\n\t\t<div id=\"wpforms-474-field_24-container\" class=\"wpforms-field wpforms-field-text\" data-field-id=\"24\"><label class=\"wpforms-field-label\" for=\"wpforms-474-field_24\">Zeitliche Verf\u00fcgbarkeit f\u00fcr einen Termin<\/label><input type=\"text\" id=\"wpforms-474-field_24\" class=\"wpforms-field-large\" name=\"wpforms[fields][24]\" aria-errormessage=\"wpforms-474-field_24-error\" aria-describedby=\"wpforms-474-field_24-description\" ><div id=\"wpforms-474-field_24-description\" class=\"wpforms-field-description\">z. B. \"Montag bis Freitag, Nachmittags\" oder \"Mo, Mi, Fr, 16-18 Uhr\"<\/div><\/div><div id=\"wpforms-474-field_22-container\" class=\"wpforms-field wpforms-field-checkbox\" data-field-id=\"22\"><fieldset><legend class=\"wpforms-field-label\">Zustimmung zur Kontaktaufnahme <span class=\"wpforms-required-label\" aria-hidden=\"true\">*<\/span><\/legend><ul id=\"wpforms-474-field_22\" class=\"wpforms-field-required\"><li class=\"choice-1 depth-1\"><input type=\"checkbox\" id=\"wpforms-474-field_22_1\" name=\"wpforms[fields][22][]\" value=\"Ich stimme zu, dass meine Angaben und Daten zur Beantwortung meiner Anfrage gem\u00e4\u00df der &lt;a href=&quot;https:\/\/psychotherapie-langenhagen.de\/?page_id=3&quot;&gt;Datenschutzerkl\u00e4rung&lt;\/a&gt; verarbeitet werden. Meine Einwilligung kann ich jederzeit zuk\u00fcnftig per E-Mail an kontakt@psychotherapie-langenhagen.de widerrufen.\" aria-errormessage=\"wpforms-474-field_22_1-error\" required ><label class=\"wpforms-field-label-inline\" for=\"wpforms-474-field_22_1\">Ich stimme zu, dass meine Angaben und Daten zur Beantwortung meiner Anfrage gem\u00e4\u00df der <a href=\"https:\/\/psychotherapie-langenhagen.de\/?page_id=3\">Datenschutzerkl\u00e4rung<\/a> verarbeitet werden. Meine Einwilligung kann ich jederzeit zuk\u00fcnftig per E-Mail an kontakt@psychotherapie-langenhagen.de widerrufen.<\/label><\/li><\/ul><\/fieldset><\/div><script>\n\t\t\t\t( function() {\n\t\t\t\t\tconst style = document.createElement( 'style' );\n\t\t\t\t\tstyle.appendChild( document.createTextNode( '#wpforms-474-field_4-container { position: absolute !important; overflow: hidden !important; display: inline !important; height: 1px !important; width: 1px !important; z-index: -1000 !important; padding: 0 !important; } #wpforms-474-field_4-container input { visibility: hidden; } #wpforms-conversational-form-page #wpforms-474-field_4-container label { counter-increment: none; }' ) );\n\t\t\t\t\tdocument.head.appendChild( style );\n\t\t\t\t\tdocument.currentScript?.remove();\n\t\t\t\t} )();\n\t\t\t<\/script><\/div><!-- .wpforms-field-container --><div class=\"wpforms-submit-container\" ><input type=\"hidden\" name=\"wpforms[id]\" value=\"474\"><input type=\"hidden\" name=\"page_title\" value=\"\"><input type=\"hidden\" name=\"page_url\" value=\"https:\/\/psychotherapie-langenhagen.de\/index.php?rest_route=\/wp\/v2\/pages\/95\"><input type=\"hidden\" name=\"url_referer\" value=\"\"><button type=\"submit\" name=\"wpforms[submit]\" id=\"wpforms-submit-474\" class=\"wpforms-submit\" data-alt-text=\"Wird gesendet\u00a0\u2026\" data-submit-text=\"Absenden\" aria-live=\"assertive\" value=\"wpforms-submit\">Absenden<\/button><img decoding=\"async\" src=\"https:\/\/psychotherapie-langenhagen.de\/wp-content\/plugins\/wpforms-lite\/assets\/images\/submit-spin.svg\" class=\"wpforms-submit-spinner\" style=\"display: none;\" width=\"26\" height=\"26\" alt=\"Wird geladen\"><\/div><\/form><\/div>  <!-- .wpforms-container -->\t\t\t\t<\/div>\n\t\t\t\t<\/div>\n\t\t\t\t\t<\/div>\n\t\t\t\t<\/div>\n\t\t\t\t<\/div>\n\t\t","protected":false},"excerpt":{"rendered":"<p>Kontakt Sch\u00f6n, dass Sie den Weg zu uns gefunden haben! Wir bieten Ihnen einen gesch\u00fctzten Raum, in dem Sie Ihre Anliegen, Herausforderungen und W\u00fcnsche offen ansprechen k\u00f6nnen. Bitte aktiviere JavaScript in deinem Browser, um dieses Formular fertigzustellen.Bitte aktiviere JavaScript in deinem Browser, um dieses Formular fertigzustellen.Anrede \/ PronomenVornameNachname *GeburtsdatumWohnortKostentr\u00e4ger *Bitte ausw\u00e4hlen&#8230;Gesetzliche KrankenversicherungSelbstzahlerPrivate KrankenversicherungAndere Kostentr\u00e4ger (z.B. [&hellip;]<\/p>\n","protected":false},"author":1,"featured_media":0,"parent":0,"menu_order":0,"comment_status":"closed","ping_status":"closed","template":"elementor_header_footer","meta":{"footnotes":""},"class_list":["post-95","page","type-page","status-publish","hentry"],"_links":{"self":[{"href":"https:\/\/psychotherapie-langenhagen.de\/index.php?rest_route=\/wp\/v2\/pages\/95","targetHints":{"allow":["GET"]}}],"collection":[{"href":"https:\/\/psychotherapie-langenhagen.de\/index.php?rest_route=\/wp\/v2\/pages"}],"about":[{"href":"https:\/\/psychotherapie-langenhagen.de\/index.php?rest_route=\/wp\/v2\/types\/page"}],"author":[{"embeddable":true,"href":"https:\/\/psychotherapie-langenhagen.de\/index.php?rest_route=\/wp\/v2\/users\/1"}],"replies":[{"embeddable":true,"href":"https:\/\/psychotherapie-langenhagen.de\/index.php?rest_route=%2Fwp%2Fv2%2Fcomments&post=95"}],"version-history":[{"count":36,"href":"https:\/\/psychotherapie-langenhagen.de\/index.php?rest_route=\/wp\/v2\/pages\/95\/revisions"}],"predecessor-version":[{"id":547,"href":"https:\/\/psychotherapie-langenhagen.de\/index.php?rest_route=\/wp\/v2\/pages\/95\/revisions\/547"}],"wp:attachment":[{"href":"https:\/\/psychotherapie-langenhagen.de\/index.php?rest_route=%2Fwp%2Fv2%2Fmedia&parent=95"}],"curies":[{"name":"wp","href":"https:\/\/api.w.org\/{rel}","templated":true}]}}