{"id":554,"date":"2026-03-25T10:00:30","date_gmt":"2026-03-25T09:00:30","guid":{"rendered":"https:\/\/psychotherapie-langenhagen.de\/?page_id=554"},"modified":"2026-03-25T11:55:05","modified_gmt":"2026-03-25T10:55:05","slug":"impressum","status":"publish","type":"page","link":"https:\/\/psychotherapie-langenhagen.de\/?page_id=554","title":{"rendered":"Impressum"},"content":{"rendered":"\t\t<div data-elementor-type=\"wp-page\" data-elementor-id=\"554\" class=\"elementor elementor-554\" data-elementor-post-type=\"page\">\n\t\t\t\t<div class=\"elementor-element elementor-element-f9ce4dd e-flex e-con-boxed e-con e-parent\" data-id=\"f9ce4dd\" data-element_type=\"container\" data-e-type=\"container\">\n\t\t\t\t\t<div class=\"e-con-inner\">\n\t\t\t\t<div class=\"elementor-element elementor-element-050a62f elementor-widget elementor-widget-heading\" data-id=\"050a62f\" data-element_type=\"widget\" data-e-type=\"widget\" data-widget_type=\"heading.default\">\n\t\t\t\t\t<h2 class=\"elementor-heading-title elementor-size-default\">Impressum <\/h2>\t\t\t\t<\/div>\n\t\t\t\t\t<\/div>\n\t\t\t\t<\/div>\n\t\t<div class=\"elementor-element elementor-element-56baac5 e-flex e-con-boxed e-con e-parent\" data-id=\"56baac5\" data-element_type=\"container\" data-e-type=\"container\">\n\t\t\t\t\t<div class=\"e-con-inner\">\n\t\t\t\t<div class=\"elementor-element elementor-element-fb8a278 elementor-widget elementor-widget-text-editor\" data-id=\"fb8a278\" data-element_type=\"widget\" data-e-type=\"widget\" data-widget_type=\"text-editor.default\">\n\t\t\t\t\t\t\t\t\t<h3>Angaben gem\u00e4\u00df \u00a7 5 DDG<\/h3><h4>Psychotherapiepraxis Langenhagen (PTL) \u2013 Psychotherapeutische Praxisgemeinschaft<\/h4><p>Adam-Stegerwald-Stra\u00dfe 13<br \/>30851 Langenhagen<\/p><p>Die Psychotherapiepraxis Langenhagen ist eine Praxisgemeinschaft bestehend aus:<\/p><hr \/><h5>1. Marian Luckhof, M. Sc.<\/h5><p>Psychologischer Psychotherapeut (Einzelpraxis)<\/p><p>Adam-Stegerwald-Stra\u00dfe 13 30851 Langenhagen<\/p><hr \/><h5>2. Berufsaus\u00fcbungsgemeinschaft (BAG) Tapia Le\u00f3n GbR<\/h5><p>Gesellschafter*innen:<\/p><ul><li>Dr. Isabell Tapia Le\u00f3n, M. Sc. \u2013 Psychologische Psychotherapeut*in<\/li><li>Dr. Onno Tapia Le\u00f3n, M. Sc. \u2013 Psychologischer Psychotherapeut<\/li><\/ul><p>Adam-Stegerwald-Stra\u00dfe 13<br \/>30851 Langenhagen<\/p><hr \/><h3>Kontakt<\/h3><p>Telefon: <a href=\"tel:+4951112950960\">0511 12950960<\/a><br \/>E-Mail: <a href=\"mailto:kontakt@psychotherapie-langenhagen.de\">kontakt@psychotherapie-langenhagen.de<\/a><\/p><hr \/><h3>Berufsbezeichnung<\/h3><ul><li>Psychologischer Psychotherapeut (verliehen in Deutschland) \u2013 Marian Luckhof<\/li><li>Psychologische Psychotherapeutin (verliehen in Deutschland) \u2013 Dr. Isabell Tapia Le\u00f3n<\/li><li>Psychologischer Psychotherapeut (verliehen in Deutschland) \u2013 Dr. Onno Tapia Le\u00f3n<\/li><\/ul><hr \/><h3>Zust\u00e4ndige Kammer<\/h3><p>Psychotherapeutenkammer Niedersachsen (PKN) Roscherstra\u00dfe 12, 30161 Hannover https:\/\/www.pknds.de<\/p><hr \/><h3>Berufsrechtliche Regelungen<\/h3><ul><li>Psychotherapeutengesetz (PsychThG)<\/li><li>Berufsordnung der Psychotherapeutenkammer Niedersachsen<\/li><\/ul><p>Die berufsrechtlichen Regelungen sind einsehbar unter: https:\/\/www.pknds.de<\/p><hr \/><h3>Kassen\u00e4rztliche Vereinigung<\/h3><p>Kassen\u00e4rztliche Vereinigung Niedersachsen (KVN) Berliner Allee 22, 30175 Hannover https:\/\/www.kvn.de<\/p><hr \/><h3>Verantwortlich f\u00fcr den Inhalt nach \u00a7 18 Abs. 2 MStV<\/h3><p>Marian Luckhof, Dr. Isabell Tapia Le\u00f3n, Dr. Onno Tapia Le\u00f3n<br \/>Adam-Stegerwald-Stra\u00dfe 13<br \/>30851 Langenhagen<\/p><hr \/><h3>Haftungsausschluss<\/h3><h4>Haftung f\u00fcr Inhalte<\/h4><p>Die Inhalte dieser Seiten wurden mit gr\u00f6\u00dfter Sorgfalt erstellt. F\u00fcr die Richtigkeit, Vollst\u00e4ndigkeit und Aktualit\u00e4t der Inhalte k\u00f6nnen wir jedoch keine Gew\u00e4hr \u00fcbernehmen.<\/p><h4>Haftung f\u00fcr Links<\/h4><p>Unser Angebot enth\u00e4lt Links zu externen Webseiten Dritter, auf deren Inhalte wir keinen Einfluss haben. F\u00fcr die Inhalte der verlinkten Seiten ist stets der jeweilige Anbieter oder Betreiber verantwortlich. Eine permanente inhaltliche Kontrolle der verlinkten Seiten ist ohne konkrete Anhaltspunkte einer Rechtsverletzung nicht zumutbar.<\/p><h4>Urheberrecht<\/h4><p>Die durch die Seitenbetreiber erstellten Inhalte und Werke auf diesen Seiten unterliegen dem deutschen Urheberrecht. Die Vervielf\u00e4ltigung, Bearbeitung, Verbreitung und jede Art der Verwertung au\u00dferhalb der Grenzen des Urheberrechtes bed\u00fcrfen der schriftlichen Zustimmung des jeweiligen Autors bzw. Erstellers.<\/p>\t\t\t\t\t\t\t\t<\/div>\n\t\t\t\t\t<\/div>\n\t\t\t\t<\/div>\n\t\t\t\t<\/div>\n\t\t","protected":false},"excerpt":{"rendered":"<p>Impressum Angaben gem\u00e4\u00df \u00a7 5 DDG Psychotherapiepraxis Langenhagen (PTL) \u2013 Psychotherapeutische Praxisgemeinschaft Adam-Stegerwald-Stra\u00dfe 1330851 Langenhagen Die Psychotherapiepraxis Langenhagen ist eine Praxisgemeinschaft bestehend aus: 1. Marian Luckhof, M. Sc. Psychologischer Psychotherapeut (Einzelpraxis) Adam-Stegerwald-Stra\u00dfe 13 30851 Langenhagen 2. Berufsaus\u00fcbungsgemeinschaft (BAG) Tapia Le\u00f3n GbR Gesellschafter*innen: Dr. Isabell Tapia Le\u00f3n, M. Sc. \u2013 Psychologische Psychotherapeut*in Dr. Onno Tapia Le\u00f3n, [&hellip;]<\/p>\n","protected":false},"author":1,"featured_media":0,"parent":0,"menu_order":0,"comment_status":"closed","ping_status":"closed","template":"","meta":{"footnotes":""},"class_list":["post-554","page","type-page","status-publish","hentry"],"_links":{"self":[{"href":"https:\/\/psychotherapie-langenhagen.de\/index.php?rest_route=\/wp\/v2\/pages\/554","targetHints":{"allow":["GET"]}}],"collection":[{"href":"https:\/\/psychotherapie-langenhagen.de\/index.php?rest_route=\/wp\/v2\/pages"}],"about":[{"href":"https:\/\/psychotherapie-langenhagen.de\/index.php?rest_route=\/wp\/v2\/types\/page"}],"author":[{"embeddable":true,"href":"https:\/\/psychotherapie-langenhagen.de\/index.php?rest_route=\/wp\/v2\/users\/1"}],"replies":[{"embeddable":true,"href":"https:\/\/psychotherapie-langenhagen.de\/index.php?rest_route=%2Fwp%2Fv2%2Fcomments&post=554"}],"version-history":[{"count":13,"href":"https:\/\/psychotherapie-langenhagen.de\/index.php?rest_route=\/wp\/v2\/pages\/554\/revisions"}],"predecessor-version":[{"id":585,"href":"https:\/\/psychotherapie-langenhagen.de\/index.php?rest_route=\/wp\/v2\/pages\/554\/revisions\/585"}],"wp:attachment":[{"href":"https:\/\/psychotherapie-langenhagen.de\/index.php?rest_route=%2Fwp%2Fv2%2Fmedia&parent=554"}],"curies":[{"name":"wp","href":"https:\/\/api.w.org\/{rel}","templated":true}]}}