{"id":3,"date":"2025-01-10T19:35:41","date_gmt":"2025-01-10T18:35:41","guid":{"rendered":"https:\/\/psychotherapie-langenhagen.de\/?page_id=3"},"modified":"2026-03-25T10:13:00","modified_gmt":"2026-03-25T09:13:00","slug":"datenschutzerklaerung","status":"publish","type":"page","link":"https:\/\/psychotherapie-langenhagen.de\/?page_id=3","title":{"rendered":"Datenschutzerkl\u00e4rung"},"content":{"rendered":"\t\t<div data-elementor-type=\"wp-page\" data-elementor-id=\"3\" class=\"elementor elementor-3\" data-elementor-post-type=\"page\">\n\t\t\t\t<div class=\"elementor-element elementor-element-926b894 e-flex e-con-boxed e-con e-parent\" data-id=\"926b894\" data-element_type=\"container\" data-e-type=\"container\">\n\t\t\t\t\t<div class=\"e-con-inner\">\n\t\t\t\t<div class=\"elementor-element elementor-element-bd7e57d elementor-widget elementor-widget-heading\" data-id=\"bd7e57d\" data-element_type=\"widget\" data-e-type=\"widget\" data-widget_type=\"heading.default\">\n\t\t\t\t\t<h1 class=\"elementor-heading-title elementor-size-default\">Datenschutzerkl\u00e4rung<\/h1>\t\t\t\t<\/div>\n\t\t\t\t\t<\/div>\n\t\t\t\t<\/div>\n\t\t<div class=\"elementor-element elementor-element-208d1b53 e-flex e-con-boxed e-con e-parent\" data-id=\"208d1b53\" data-element_type=\"container\" data-e-type=\"container\">\n\t\t\t\t\t<div class=\"e-con-inner\">\n\t\t\t\t<div class=\"elementor-element elementor-element-50fe677b elementor-widget elementor-widget-text-editor\" data-id=\"50fe677b\" data-element_type=\"widget\" data-e-type=\"widget\" data-widget_type=\"text-editor.default\">\n\t\t\t\t\t\t\t\t\t<p><strong><\/strong><\/p>\n<h2 class=\"wp-block-heading\">Verantwortliche Stelle im Sinne des Datenschutzrechts<\/h2>\n\n<p><strong>Praxisgemeinschaft Luckhof | Tapia Le\u00f3n<\/strong><br \/>Adam-Stegerwald-Stra\u00dfe 13<br \/>30851 Langenhagen<br \/>kontakt@psychotherapie-langenhagen.de<\/p>\n\n<h2 class=\"wp-block-heading\">Datenschutzbeauftragter<\/h2>\n\n<p>Aquarius Ventures GmbH<br \/>Thomas Muranaka<br \/>Grazer Stra\u00dfe 31<br \/>30519 Hannover<\/p>\n\n<h2 class=\"wp-block-heading\">Begriffsbestimmungen<\/h2>\n\n<p>Unsere Datenschutzerkl\u00e4rung soll f\u00fcr jedermann einfach und verst\u00e4ndlich sein. In dieser Datenschutzerkl\u00e4rung werden in der Regel die offiziellen Begriffe der Datenschutzgrundverordnung (DSGVO)verwendet. Die offiziellen Begriffsbestimmungen werden in Art. 4 DSGVO erl\u00e4utert.<\/p>\n\n<h2 class=\"wp-block-heading\">Zugriff auf und Speicherung von Informationen in Endeinrichtungen<\/h2>\n\n<p>Durch die Nutzung unserer Website kann ein Zugriff auf Informationen (z.B. IP-Adresse) oder eine Speicherung von Informationen (z.B. Cookies) in Ihren Endeinrichtungen erfolgen. Mit diesem Zugriff bzw. dieser Speicherung kann eine weitere Verarbeitung personenbezogener Daten im Sinne der DSGVO verbunden sein.<\/p>\n\n<p>In den F\u00e4llen, in denen ein solcher Zugriff auf Informationen bzw. ein solches Speichern von Informationen zur technisch fehlerfreien Bereitstellung unserer Dienste unbedingt erforderlich ist, erfolgt dies auf Grundlage von \u00a7 25 Abs. 1 S. 1, Abs. 2 Nr. 2 TDDDG.<\/p>\n\n<p>In den F\u00e4llen, in denen ein solcher Vorgang anderen Zwecken (z.B. der bedarfsgerechten Gestaltung unserer Website) dient, erfolgt dieser auf Grundlage von \u00a7 25 Abs. 1 TDDDG nur mit Ihrer Einwilligung gem\u00e4\u00df Art. 6 Abs. 1 lit. a DSGVO. Die Einwilligung ist jederzeit f\u00fcr die Zukunft widerrufbar. F\u00fcr die Verarbeitung Ihrer personenbezogenen Daten gelten die Vorgaben der DSGVO und des Bundesdatenschutzgesetzes (BDSG).<\/p>\n\n<p>Weitere Informationen zur Verarbeitung Ihrer personenbezogenen Daten und den einschl\u00e4gigen Rechtsgrundlagen in diesem Zusammenhang k\u00f6nnen Sie den nachfolgenden Abschnitten zu den konkreten Verarbeitungst\u00e4tigkeiten auf unserer Website entnehmen.<\/p>\n\n<h2 class=\"wp-block-heading\">Webhosting<\/h2>\n\n<p>Diese Website wird bei einem externen Dienstleister gehostet (Hetzner). Das Hosting dieser Website erfolgt in Frankfurt am Main, Deutschland. Personenbezogenen Daten, die auf dieser Website erfasst werden, werden auf den Servern des Hosters gespeichert. Hierbei kann es sich v. a. um IP-Adressen, Kontaktanfragen, Meta- und Kommunikationsdaten, Websiteszugriffe und sonstige Daten, die \u00fcber eine Website generiert werden, handeln.<\/p>\n\n<p>Die aufgelisteten Daten erheben wir, um einen reibungslosen Verbindungsaufbau der Website und eine technisch fehlerfreie Bereitstellung unserer Dienste gew\u00e4hrleisten zu k\u00f6nnen. Die Verarbeitung dieser Daten ist unbedingt erforderlich, um Ihnen die Website zur Verf\u00fcgung zu stellen. Rechtsgrundlage f\u00fcr die Verarbeitung der Daten ist unser berechtigtes Interesse an einer korrekten Darrstellung und Funktionsf\u00e4higkeit unserer Website gem\u00e4\u00df Art. 6 Abs. 1 lit. f DSGVO.<\/p>\n\n<p>Wir haben mit dem Provider einen Auftragsverarbeitungsvertrag gem\u00e4\u00df den Vorgaben nach Art. 28 DSGVO geschlossen, in welchem wir ihn verpflichten, die Daten unserer Kunden zu sch\u00fctzen und sie nicht an Dritte weiterzugeben.<\/p>\n\n<h2 class=\"wp-block-heading\">Server-Logfiles<\/h2>\n\n<h3 class=\"wp-block-heading\">Umfang der Verarbeitung<\/h3>\n\n<p>Bei Besuch unserer Webseite werden automatisch Daten verarbeitet, die Ihr Browser an unseren Server \u00fcbermittelt. Diese allgemeinen Daten und Informationen werden in den Logfiles des Servers gespeichert (in sog. \u201eServer-Logfiles\u201c).<\/p>\n\n<h4 class=\"wp-block-heading\">Erfasst werden k\u00f6nnen u.a.:<\/h4>\n\n<ul class=\"wp-block-list\">\n<li>Browsertyp und Browserversion<\/li>\n\n<li>Verwendetes Betriebsystem<\/li>\n\n<li>Referrer URL (zuvor besuchte Webseite)<\/li>\n\n<li>Hostname des zugreifenden Rechners<\/li>\n\n<li>Datum und Uhrzeit der Serveranfrage<\/li>\n\n<li>IP-Adresse<\/li>\n<\/ul>\n\n<h3 class=\"wp-block-heading\">Zweck der Verarbeitung<\/h3>\n\n<h4 class=\"wp-block-heading\">Wir verarbeiten Ihre personenbezogenen Daten f\u00fcr folgende Zwecke:<\/h4>\n\n<ul class=\"wp-block-list\">\n<li>Bereitsstellung der Webseite<\/li>\n\n<li>Gew\u00e4hrleistung eines reibungslosen Verbindungsaufbaus der Webseite<\/li>\n\n<li>Problemanalysen in Netzwerk<\/li>\n\n<li>Auswertung der Systemsicherheit und -stabilit\u00e4t<\/li>\n<\/ul>\n\n<h3 class=\"wp-block-heading\">Rechtsgrundlage<\/h3>\n\n<p>Die Rechtsgrundlage f\u00fcr die Datenverarbeitung ist gem\u00e4\u00df Art. 6 Abs.1 lit. f DSGVO i.V.m. \u00a7 25 Abs.2 Nr. 2 TTDSG unser \u00fcberwiegendes berechtigtes Interesse an der technisch einwandfreien Darstellung (schnellere Ladezeit, h\u00f6here Ausfallsicherheit, Schutz vor Brute-Force-Angriffen) unserer Webseite.<\/p>\n\n<p>\u00a0<\/p>\n\t\t\t\t\t\t\t\t<\/div>\n\t\t\t\t\t<\/div>\n\t\t\t\t<\/div>\n\t\t\t\t<\/div>\n\t\t","protected":false},"excerpt":{"rendered":"<p>Datenschutzerkl\u00e4rung Verantwortliche Stelle im Sinne des Datenschutzrechts Praxisgemeinschaft Luckhof | Tapia Le\u00f3nAdam-Stegerwald-Stra\u00dfe 1330851 Langenhagenkontakt@psychotherapie-langenhagen.de Datenschutzbeauftragter Aquarius Ventures GmbHThomas MuranakaGrazer Stra\u00dfe 3130519 Hannover Begriffsbestimmungen Unsere Datenschutzerkl\u00e4rung soll f\u00fcr jedermann einfach und verst\u00e4ndlich sein. In dieser Datenschutzerkl\u00e4rung werden in der Regel die offiziellen Begriffe der Datenschutzgrundverordnung (DSGVO)verwendet. Die offiziellen Begriffsbestimmungen werden in Art. 4 DSGVO erl\u00e4utert. Zugriff [&hellip;]<\/p>\n","protected":false},"author":1,"featured_media":0,"parent":0,"menu_order":0,"comment_status":"closed","ping_status":"open","template":"","meta":{"footnotes":""},"class_list":["post-3","page","type-page","status-publish","hentry"],"_links":{"self":[{"href":"https:\/\/psychotherapie-langenhagen.de\/index.php?rest_route=\/wp\/v2\/pages\/3","targetHints":{"allow":["GET"]}}],"collection":[{"href":"https:\/\/psychotherapie-langenhagen.de\/index.php?rest_route=\/wp\/v2\/pages"}],"about":[{"href":"https:\/\/psychotherapie-langenhagen.de\/index.php?rest_route=\/wp\/v2\/types\/page"}],"author":[{"embeddable":true,"href":"https:\/\/psychotherapie-langenhagen.de\/index.php?rest_route=\/wp\/v2\/users\/1"}],"replies":[{"embeddable":true,"href":"https:\/\/psychotherapie-langenhagen.de\/index.php?rest_route=%2Fwp%2Fv2%2Fcomments&post=3"}],"version-history":[{"count":13,"href":"https:\/\/psychotherapie-langenhagen.de\/index.php?rest_route=\/wp\/v2\/pages\/3\/revisions"}],"predecessor-version":[{"id":582,"href":"https:\/\/psychotherapie-langenhagen.de\/index.php?rest_route=\/wp\/v2\/pages\/3\/revisions\/582"}],"wp:attachment":[{"href":"https:\/\/psychotherapie-langenhagen.de\/index.php?rest_route=%2Fwp%2Fv2%2Fmedia&parent=3"}],"curies":[{"name":"wp","href":"https:\/\/api.w.org\/{rel}","templated":true}]}}